{"id":357,"date":"2021-01-29T16:32:28","date_gmt":"2021-01-29T22:32:28","guid":{"rendered":"https:\/\/montaparts.com\/?page_id=357"},"modified":"2024-09-14T10:10:36","modified_gmt":"2024-09-14T16:10:36","slug":"about-us","status":"publish","type":"page","link":"https:\/\/montaparts.com\/index.php\/about-us\/","title":{"rendered":"Sobre nosotros"},"content":{"rendered":"\t\t<div data-elementor-type=\"wp-page\" data-elementor-id=\"357\" class=\"elementor elementor-357\">\n\t\t\t\t\t\t<section class=\"elementor-section elementor-top-section elementor-element elementor-element-72ba6bc elementor-section-boxed elementor-section-height-default elementor-section-height-default\" data-id=\"72ba6bc\" data-element_type=\"section\">\n\t\t\t\t\t\t<div class=\"elementor-container elementor-column-gap-default\">\n\t\t\t\t\t<div class=\"elementor-column elementor-col-100 elementor-top-column elementor-element elementor-element-f004819\" data-id=\"f004819\" data-element_type=\"column\">\n\t\t\t<div class=\"elementor-widget-wrap elementor-element-populated\">\n\t\t\t\t\t\t<div class=\"elementor-element elementor-element-a5198ce elementor-widget elementor-widget-heading\" data-id=\"a5198ce\" data-element_type=\"widget\" data-widget_type=\"heading.default\">\n\t\t\t\t<div class=\"elementor-widget-container\">\n\t\t\t\t\t<h2 class=\"elementor-heading-title elementor-size-default\">Sobre Nosotros<\/h2>\t\t\t\t<\/div>\n\t\t\t\t<\/div>\n\t\t\t\t<div class=\"elementor-element elementor-element-ade2779 elementor-widget elementor-widget-text-editor\" data-id=\"ade2779\" data-element_type=\"widget\" data-widget_type=\"text-editor.default\">\n\t\t\t\t<div class=\"elementor-widget-container\">\n\t\t\t\t\t\t\t\t\t<p>MONTAPARTS es una empresa especializada en servicios t\u00e9cnicos y suministro de repuestos para&nbsp;<span style=\"letter-spacing: 0.4px;\">montacargas&nbsp;<\/span><span style=\"letter-spacing: 0.4px;\">de distintas marcas del mercado.&nbsp;<\/span><span style=\"letter-spacing: 0.4px;\">Disponemos de un extenso inventario de repuestos&nbsp;<\/span><span style=\"letter-spacing: 0.4px;\">y t\u00e9cnicos altamente capacitados para garantizar&nbsp;<\/span><span style=\"letter-spacing: 0.4px;\">un servicio de excelencia. Adem\u00e1s, ofrecemos la&nbsp;<\/span><span style=\"letter-spacing: 0.4px;\">posibilidad de gestionar pedidos especiales por v\u00eda&nbsp;<\/span><span style=\"letter-spacing: 0.4px;\">a\u00e9rea y mar\u00edtima para satisfacer todas las&nbsp;<\/span><span style=\"letter-spacing: 0.4px;\">necesidades de nuestra valiosa clientela.<\/span><\/p>\n<p><span style=\"letter-spacing: 0.4px;\">&nbsp;<\/span><\/p><p><span style=\"letter-spacing: 0.4px;\"><br><\/span><\/p>\t\t\t\t\t\t\t\t<\/div>\n\t\t\t\t<\/div>\n\t\t\t\t\t<\/div>\n\t\t<\/div>\n\t\t\t\t\t<\/div>\n\t\t<\/section>\n\t\t\t\t<section class=\"elementor-section elementor-top-section elementor-element elementor-element-2f4a578 elementor-section-boxed elementor-section-height-default elementor-section-height-default\" data-id=\"2f4a578\" data-element_type=\"section\">\n\t\t\t\t\t\t<div class=\"elementor-container elementor-column-gap-default\">\n\t\t\t\t\t<div class=\"elementor-column elementor-col-100 elementor-top-column elementor-element elementor-element-e94f979\" data-id=\"e94f979\" data-element_type=\"column\">\n\t\t\t<div class=\"elementor-widget-wrap elementor-element-populated\">\n\t\t\t\t\t\t<div class=\"elementor-element elementor-element-f3bdda2 elementor-widget elementor-widget-heading\" data-id=\"f3bdda2\" data-element_type=\"widget\" data-widget_type=\"heading.default\">\n\t\t\t\t<div class=\"elementor-widget-container\">\n\t\t\t\t\t<h2 class=\"elementor-heading-title elementor-size-default\">Misi\u00f3n<\/h2>\t\t\t\t<\/div>\n\t\t\t\t<\/div>\n\t\t\t\t<div class=\"elementor-element elementor-element-d6764e2 elementor-widget__width-initial elementor-widget elementor-widget-text-editor\" data-id=\"d6764e2\" data-element_type=\"widget\" data-widget_type=\"text-editor.default\">\n\t\t\t\t<div class=\"elementor-widget-container\">\n\t\t\t\t\t\t\t\t\t<p>Proporcionar servicios de reparaci\u00f3n y repuestos confiables y de calidad, con soluciones eficaces, con la meta de garantizar la plena satisfacci\u00f3n de nuestros clientes. Nos esforzamos por ser lideres en el \u00e1mbito industrial y comercial, brindando servicios con un enfoque profesional y una atenci\u00f3n personalizada.<\/p>\t\t\t\t\t\t\t\t<\/div>\n\t\t\t\t<\/div>\n\t\t\t\t<div class=\"elementor-element elementor-element-b82d1a5 elementor-widget elementor-widget-heading\" data-id=\"b82d1a5\" data-element_type=\"widget\" data-widget_type=\"heading.default\">\n\t\t\t\t<div class=\"elementor-widget-container\">\n\t\t\t\t\t<h2 class=\"elementor-heading-title elementor-size-default\">Visi\u00f3n<\/h2>\t\t\t\t<\/div>\n\t\t\t\t<\/div>\n\t\t\t\t<div class=\"elementor-element elementor-element-9ab2b66 elementor-widget__width-initial elementor-widget elementor-widget-text-editor\" data-id=\"9ab2b66\" data-element_type=\"widget\" data-widget_type=\"text-editor.default\">\n\t\t\t\t<div class=\"elementor-widget-container\">\n\t\t\t\t\t\t\t\t\t<p style=\"text-align: center;\">Nuestro objetivo es posicionarnos como el proveedor l\u00edder de servicios y repuestos para la industria y el comercio, destac\u00e1ndonos por nuestra eficiencia, profesionalismo y dedicaci\u00f3n a la innovaci\u00f3n. Aspiramos a liderar el mercado y ser un referente en la satisfacci\u00f3n de nuestros clientes.<\/p>\t\t\t\t\t\t\t\t<\/div>\n\t\t\t\t<\/div>\n\t\t\t\t<div class=\"elementor-element elementor-element-68d03b4 elementor-widget elementor-widget-image\" data-id=\"68d03b4\" data-element_type=\"widget\" data-widget_type=\"image.default\">\n\t\t\t\t<div class=\"elementor-widget-container\">\n\t\t\t\t\t\t\t\t\t\t\t\t\t\t\t<img fetchpriority=\"high\" decoding=\"async\" width=\"1920\" height=\"1080\" src=\"https:\/\/montaparts.com\/wp-content\/uploads\/2023\/11\/2-2.png\" class=\"attachment-full size-full wp-image-5870\" alt=\"\" srcset=\"https:\/\/montaparts.com\/wp-content\/uploads\/2023\/11\/2-2.png 1920w, https:\/\/montaparts.com\/wp-content\/uploads\/2023\/11\/2-2-300x169.png 300w, https:\/\/montaparts.com\/wp-content\/uploads\/2023\/11\/2-2-1024x576.png 1024w, https:\/\/montaparts.com\/wp-content\/uploads\/2023\/11\/2-2-768x432.png 768w, https:\/\/montaparts.com\/wp-content\/uploads\/2023\/11\/2-2-1536x864.png 1536w, https:\/\/montaparts.com\/wp-content\/uploads\/2023\/11\/2-2-1320x743.png 1320w, https:\/\/montaparts.com\/wp-content\/uploads\/2023\/11\/2-2-630x354.png 630w\" sizes=\"(max-width: 1920px) 100vw, 1920px\" \/>\t\t\t\t\t\t\t\t\t\t\t\t\t\t\t<\/div>\n\t\t\t\t<\/div>\n\t\t\t\t\t<\/div>\n\t\t<\/div>\n\t\t\t\t\t<\/div>\n\t\t<\/section>\n\t\t\t\t<section class=\"elementor-section elementor-top-section elementor-element elementor-element-13a0dcf elementor-section-boxed elementor-section-height-default elementor-section-height-default\" data-id=\"13a0dcf\" data-element_type=\"section\">\n\t\t\t\t\t\t<div class=\"elementor-container elementor-column-gap-default\">\n\t\t\t\t\t<div class=\"elementor-column elementor-col-100 elementor-top-column elementor-element elementor-element-881e5ba\" data-id=\"881e5ba\" data-element_type=\"column\">\n\t\t\t<div class=\"elementor-widget-wrap elementor-element-populated\">\n\t\t\t\t\t\t<div class=\"elementor-element elementor-element-f88b9bc elementor-widget elementor-widget-heading\" data-id=\"f88b9bc\" data-element_type=\"widget\" data-widget_type=\"heading.default\">\n\t\t\t\t<div class=\"elementor-widget-container\">\n\t\t\t\t\t<h2 class=\"elementor-heading-title elementor-size-default\">Nuestros servicios<\/h2>\t\t\t\t<\/div>\n\t\t\t\t<\/div>\n\t\t\t\t<section class=\"elementor-section elementor-inner-section elementor-element elementor-element-66b6215 mobile-mg-bottom elementor-section-boxed elementor-section-height-default elementor-section-height-default\" data-id=\"66b6215\" data-element_type=\"section\">\n\t\t\t\t\t\t<div class=\"elementor-container elementor-column-gap-default\">\n\t\t\t\t\t<div class=\"elementor-column elementor-col-50 elementor-inner-column elementor-element elementor-element-302994e\" data-id=\"302994e\" data-element_type=\"column\">\n\t\t\t<div class=\"elementor-widget-wrap elementor-element-populated\">\n\t\t\t\t\t\t<div class=\"elementor-element elementor-element-b7d6187 elementor-position-left elementor-vertical-align-middle elementor-widget elementor-widget-image-box\" data-id=\"b7d6187\" data-element_type=\"widget\" data-widget_type=\"image-box.default\">\n\t\t\t\t<div class=\"elementor-widget-container\">\n\t\t\t\t\t<div class=\"elementor-image-box-wrapper\"><figure class=\"elementor-image-box-img\"><a href=\"#\" tabindex=\"-1\"><img decoding=\"async\" width=\"128\" height=\"128\" src=\"https:\/\/montaparts.com\/wp-content\/uploads\/2023\/12\/Icono-de-mantenimiento.png\" class=\"elementor-animation-shrink attachment-full size-full wp-image-6253\" alt=\"\" srcset=\"https:\/\/montaparts.com\/wp-content\/uploads\/2023\/12\/Icono-de-mantenimiento.png 128w, https:\/\/montaparts.com\/wp-content\/uploads\/2023\/12\/Icono-de-mantenimiento-120x120.png 120w, https:\/\/montaparts.com\/wp-content\/uploads\/2023\/12\/Icono-de-mantenimiento-46x46.png 46w, https:\/\/montaparts.com\/wp-content\/uploads\/2023\/12\/Icono-de-mantenimiento-100x100.png 100w, https:\/\/montaparts.com\/wp-content\/uploads\/2023\/12\/Icono-de-mantenimiento-54x54.png 54w, https:\/\/montaparts.com\/wp-content\/uploads\/2023\/12\/Icono-de-mantenimiento-80x80.png 80w\" sizes=\"(max-width: 128px) 100vw, 128px\" \/><\/a><\/figure><div class=\"elementor-image-box-content\"><h4 class=\"elementor-image-box-title\"><a href=\"#\">Mantenimientos y reparaciones<\/a><\/h4><p class=\"elementor-image-box-description\">Servicios de mantenimientos preventivos y correctivos para montacargas, carretillas hidr\u00e1ulicas, equipo agr\u00edcola y otros.<\/p><\/div><\/div>\t\t\t\t<\/div>\n\t\t\t\t<\/div>\n\t\t\t\t<div class=\"elementor-element elementor-element-343f7a0 elementor-position-left elementor-vertical-align-middle elementor-widget elementor-widget-image-box\" data-id=\"343f7a0\" data-element_type=\"widget\" data-widget_type=\"image-box.default\">\n\t\t\t\t<div class=\"elementor-widget-container\">\n\t\t\t\t\t<div class=\"elementor-image-box-wrapper\"><figure class=\"elementor-image-box-img\"><a href=\"#\" tabindex=\"-1\"><img decoding=\"async\" width=\"128\" height=\"128\" src=\"https:\/\/montaparts.com\/wp-content\/uploads\/2023\/12\/Icono-de-repuestos.png\" class=\"elementor-animation-shrink attachment-full size-full wp-image-6254\" alt=\"\" srcset=\"https:\/\/montaparts.com\/wp-content\/uploads\/2023\/12\/Icono-de-repuestos.png 128w, https:\/\/montaparts.com\/wp-content\/uploads\/2023\/12\/Icono-de-repuestos-120x120.png 120w, https:\/\/montaparts.com\/wp-content\/uploads\/2023\/12\/Icono-de-repuestos-46x46.png 46w, https:\/\/montaparts.com\/wp-content\/uploads\/2023\/12\/Icono-de-repuestos-100x100.png 100w, https:\/\/montaparts.com\/wp-content\/uploads\/2023\/12\/Icono-de-repuestos-54x54.png 54w, https:\/\/montaparts.com\/wp-content\/uploads\/2023\/12\/Icono-de-repuestos-80x80.png 80w\" sizes=\"(max-width: 128px) 100vw, 128px\" \/><\/a><\/figure><div class=\"elementor-image-box-content\"><h4 class=\"elementor-image-box-title\"><a href=\"#\">Repuestos<\/a><\/h4><p class=\"elementor-image-box-description\">Amplio stock de repuestos<\/p><\/div><\/div>\t\t\t\t<\/div>\n\t\t\t\t<\/div>\n\t\t\t\t\t<\/div>\n\t\t<\/div>\n\t\t\t\t<div class=\"elementor-column elementor-col-50 elementor-inner-column elementor-element elementor-element-09e878b\" data-id=\"09e878b\" data-element_type=\"column\">\n\t\t\t<div class=\"elementor-widget-wrap elementor-element-populated\">\n\t\t\t\t\t\t<div class=\"elementor-element elementor-element-69bbd63 elementor-position-left elementor-vertical-align-middle elementor-widget elementor-widget-image-box\" data-id=\"69bbd63\" data-element_type=\"widget\" data-widget_type=\"image-box.default\">\n\t\t\t\t<div class=\"elementor-widget-container\">\n\t\t\t\t\t<div class=\"elementor-image-box-wrapper\"><figure class=\"elementor-image-box-img\"><a href=\"#\" tabindex=\"-1\"><img loading=\"lazy\" decoding=\"async\" width=\"128\" height=\"128\" src=\"https:\/\/montaparts.com\/wp-content\/uploads\/2024\/08\/exportar.png\" class=\"elementor-animation-shrink attachment-full size-full wp-image-6361\" alt=\"\" srcset=\"https:\/\/montaparts.com\/wp-content\/uploads\/2024\/08\/exportar.png 128w, https:\/\/montaparts.com\/wp-content\/uploads\/2024\/08\/exportar-120x120.png 120w, https:\/\/montaparts.com\/wp-content\/uploads\/2024\/08\/exportar-46x46.png 46w, https:\/\/montaparts.com\/wp-content\/uploads\/2024\/08\/exportar-100x100.png 100w, https:\/\/montaparts.com\/wp-content\/uploads\/2024\/08\/exportar-54x54.png 54w, https:\/\/montaparts.com\/wp-content\/uploads\/2024\/08\/exportar-80x80.png 80w\" sizes=\"(max-width: 128px) 100vw, 128px\" \/><\/a><\/figure><div class=\"elementor-image-box-content\"><h4 class=\"elementor-image-box-title\"><a href=\"#\">Importaci\u00f3n directa<\/a><\/h4><p class=\"elementor-image-box-description\">Somos importadores directos de repuestos para diversas marcas, CAT, Mitsubishi, Toyota, Yale, TCM,\n Nissan, Heli, HC, otros.\n<\/p><\/div><\/div>\t\t\t\t<\/div>\n\t\t\t\t<\/div>\n\t\t\t\t<div class=\"elementor-element elementor-element-3b73820 elementor-position-left elementor-vertical-align-middle elementor-widget elementor-widget-image-box\" data-id=\"3b73820\" data-element_type=\"widget\" data-widget_type=\"image-box.default\">\n\t\t\t\t<div class=\"elementor-widget-container\">\n\t\t\t\t\t<div class=\"elementor-image-box-wrapper\"><figure class=\"elementor-image-box-img\"><a href=\"#\" tabindex=\"-1\"><img loading=\"lazy\" decoding=\"async\" width=\"128\" height=\"128\" src=\"https:\/\/montaparts.com\/wp-content\/uploads\/2024\/08\/logistico-1.png\" class=\"elementor-animation-shrink attachment-full size-full wp-image-6338\" alt=\"\" srcset=\"https:\/\/montaparts.com\/wp-content\/uploads\/2024\/08\/logistico-1.png 128w, https:\/\/montaparts.com\/wp-content\/uploads\/2024\/08\/logistico-1-120x120.png 120w, https:\/\/montaparts.com\/wp-content\/uploads\/2024\/08\/logistico-1-46x46.png 46w, https:\/\/montaparts.com\/wp-content\/uploads\/2024\/08\/logistico-1-100x100.png 100w, https:\/\/montaparts.com\/wp-content\/uploads\/2024\/08\/logistico-1-54x54.png 54w, https:\/\/montaparts.com\/wp-content\/uploads\/2024\/08\/logistico-1-80x80.png 80w\" sizes=\"(max-width: 128px) 100vw, 128px\" \/><\/a><\/figure><div class=\"elementor-image-box-content\"><h4 class=\"elementor-image-box-title\"><a href=\"#\">Pedidos especiales<\/a><\/h4><p class=\"elementor-image-box-description\">Pedidos especiales a\u00e9reos y mar\u00edtimos.<\/p><\/div><\/div>\t\t\t\t<\/div>\n\t\t\t\t<\/div>\n\t\t\t\t\t<\/div>\n\t\t<\/div>\n\t\t\t\t\t<\/div>\n\t\t<\/section>\n\t\t\t\t\t<\/div>\n\t\t<\/div>\n\t\t\t\t\t<\/div>\n\t\t<\/section>\n\t\t\t\t<section class=\"elementor-section elementor-top-section elementor-element elementor-element-adc0d2b elementor-section-boxed elementor-section-height-default elementor-section-height-default\" data-id=\"adc0d2b\" data-element_type=\"section\">\n\t\t\t\t\t\t<div class=\"elementor-container elementor-column-gap-default\">\n\t\t\t\t\t<div class=\"elementor-column elementor-col-100 elementor-top-column elementor-element elementor-element-b1620a1\" data-id=\"b1620a1\" data-element_type=\"column\">\n\t\t\t<div class=\"elementor-widget-wrap elementor-element-populated\">\n\t\t\t\t\t\t<div class=\"elementor-element elementor-element-fda876c elementor-widget elementor-widget-html\" data-id=\"fda876c\" data-element_type=\"widget\" data-widget_type=\"html.default\">\n\t\t\t\t<div class=\"elementor-widget-container\">\n\t\t\t\t\t<iframe src=\"https:\/\/montaparts.com\/wp-content\/uploads\/2024\/09\/MONTACARGAS-Y-PARTES.pdf\" width=\"100%\" height=\"600px\" style=\"border: none;\"><\/iframe>\r\n\r\n\t\t\t\t<\/div>\n\t\t\t\t<\/div>\n\t\t\t\t\t<\/div>\n\t\t<\/div>\n\t\t\t\t\t<\/div>\n\t\t<\/section>\n\t\t\t\t<\/div>\n\t\t","protected":false},"excerpt":{"rendered":"<p>Sobre Nosotros MONTAPARTS es una empresa especializada en servicios t\u00e9cnicos y suministro de repuestos para&nbsp;montacargas&nbsp;de distintas marcas del mercado.&nbsp;Disponemos de un extenso inventario de repuestos&nbsp;y t\u00e9cnicos altamente capacitados para garantizar&nbsp;un servicio de excelencia. Adem\u00e1s, ofrecemos la&nbsp;posibilidad de gestionar pedidos especiales por v\u00eda&nbsp;a\u00e9rea y mar\u00edtima para satisfacer todas las&nbsp;necesidades de nuestra valiosa clientela. &nbsp; Misi\u00f3n Proporcionar [&hellip;]<\/p>\n","protected":false},"author":1,"featured_media":0,"parent":0,"menu_order":0,"comment_status":"closed","ping_status":"closed","template":"","meta":{"om_disable_all_campaigns":false,"_monsterinsights_skip_tracking":false,"_monsterinsights_sitenote_active":false,"_monsterinsights_sitenote_note":"","_monsterinsights_sitenote_category":0,"_uf_show_specific_survey":0,"_uf_disable_surveys":false,"footnotes":""},"class_list":["post-357","page","type-page","status-publish","hentry"],"aioseo_notices":[],"jetpack_sharing_enabled":true,"_links":{"self":[{"href":"https:\/\/montaparts.com\/index.php\/wp-json\/wp\/v2\/pages\/357","targetHints":{"allow":["GET"]}}],"collection":[{"href":"https:\/\/montaparts.com\/index.php\/wp-json\/wp\/v2\/pages"}],"about":[{"href":"https:\/\/montaparts.com\/index.php\/wp-json\/wp\/v2\/types\/page"}],"author":[{"embeddable":true,"href":"https:\/\/montaparts.com\/index.php\/wp-json\/wp\/v2\/users\/1"}],"replies":[{"embeddable":true,"href":"https:\/\/montaparts.com\/index.php\/wp-json\/wp\/v2\/comments?post=357"}],"version-history":[{"count":63,"href":"https:\/\/montaparts.com\/index.php\/wp-json\/wp\/v2\/pages\/357\/revisions"}],"predecessor-version":[{"id":6379,"href":"https:\/\/montaparts.com\/index.php\/wp-json\/wp\/v2\/pages\/357\/revisions\/6379"}],"wp:attachment":[{"href":"https:\/\/montaparts.com\/index.php\/wp-json\/wp\/v2\/media?parent=357"}],"curies":[{"name":"wp","href":"https:\/\/api.w.org\/{rel}","templated":true}]}}